{"id":228,"date":"2024-10-04T15:19:53","date_gmt":"2024-10-04T13:19:53","guid":{"rendered":"https:\/\/clement-astroguide.fr\/?page_id=228"},"modified":"2026-04-13T12:17:05","modified_gmt":"2026-04-13T10:17:05","slug":"agenda","status":"publish","type":"page","link":"https:\/\/clement-astroguide.fr\/index.php\/agenda\/","title":{"rendered":"Agenda"},"content":{"rendered":"\n<p class=\"has-text-align-center has-ast-global-color-5-background-color has-background\">R\u00e9servez votre randonn\u00e9e astronomique sur la plateforme de r\u00e9servation billetweb <a href=\"https:\/\/www.billetweb.fr\/pro\/clement-astroguide\">en cliquant sur ce lien<\/a>.<\/p>\n\n\n\n<div class=\"wp-block-group has-ast-global-color-5-background-color has-background is-layout-constrained wp-block-group-is-layout-constrained\">\n<h3 class=\"wp-block-heading has-text-align-center has-ast-global-color-0-color has-ast-global-color-5-background-color has-text-color has-background has-link-color wp-elements-2ebdcd970a3dd63f262021a16c73760d\">Mai<\/h3>\n\n\n\n<ul class=\"wp-block-list has-ast-global-color-5-background-color has-background\">\n<li>Jeudi 7 mai : Randonn\u00e9e cr\u00e9pusculaire \u00e0 Glux-en-Glenne \u00e0 21h ;<\/li>\n\n\n\n<li>Vendredi 8 mai : Randonn\u00e9e cr\u00e9pusculaire au lac des Settons \u00e0 21h ;<\/li>\n\n\n\n<li>Samedi 9 mai : Randonn\u00e9e cr\u00e9pusculaire \u00e0 Saint-Prix \u00e0 21h ;<\/li>\n\n\n\n<li>Vendredi 22 mai : Randonn\u00e9e cr\u00e9pusculaire \u00e0 Uchon \u00e0 21h ;<\/li>\n\n\n\n<li>Samedi 23 mai : Soir\u00e9e astro pour la Nuit des mus\u00e9es au Museum d&#8217;Histoire Naturelle d&#8217;Autun (c&#8217;est gratuit !).<\/li>\n<\/ul>\n<\/div>\n\n\n\n<div class=\"wp-block-group has-ast-global-color-5-background-color has-background is-layout-constrained wp-block-group-is-layout-constrained\">\n<h3 class=\"wp-block-heading has-text-align-center has-ast-global-color-0-color has-ast-global-color-5-background-color has-text-color has-background has-link-color wp-elements-551ed1c585b6ec5723d03ad3dd83f8b1\"><strong>Juin<\/strong><\/h3>\n\n\n\n<ul class=\"wp-block-list has-ast-global-color-5-background-color has-background\">\n<li>Samedi 20 juin : Randonn\u00e9e cr\u00e9pusculaire pour le mus\u00e9e de Bibracte.<\/li>\n<\/ul>\n<\/div>\n\n\n\n<div class=\"wp-block-group has-ast-global-color-5-background-color has-background is-layout-flow wp-block-group-is-layout-flow\">\n<h3 class=\"wp-block-heading has-text-align-center has-ast-global-color-0-color has-ast-global-color-5-background-color has-text-color has-background has-link-color wp-elements-805addd5a2d7a1404d711b1d9500747b\">Juillet<\/h3>\n\n\n\n<ul class=\"wp-block-list has-ast-global-color-5-background-color has-background\">\n<li>Samedi 19 juillet : On the moon again pour le Museum d&#8217;Histoire Naturelle d&#8217;Autun, observation comment\u00e9e de la Lune \u00e0 partir de 21h au Temple de Janus (c&#8217;est gratuit).<\/li>\n<\/ul>\n<\/div>\n\n\n\n<div class=\"wp-block-group has-ast-global-color-5-background-color has-background is-layout-flow wp-block-group-is-layout-flow\">\n<h3 class=\"wp-block-heading has-text-align-center has-ast-global-color-0-color has-ast-global-color-5-background-color has-text-color has-background has-link-color wp-elements-39da30596760828916e23224f674189a\">Ao\u00fbt<\/h3>\n\n\n\n<ul class=\"wp-block-list has-ast-global-color-5-background-color has-background\">\n<li>Mardi 4 ao\u00fbt : Randonn\u00e9e cr\u00e9pusculaire pour &#8220;sous le ciel de Bibracte&#8221;  (c&#8217;est gratuit !), d\u00e9part \u00e0 20h30 du mus\u00e9e pour rejoindre les astronomes amateurs au sommet du Mont-Beuvray. <\/li>\n<\/ul>\n<\/div>\n","protected":false},"excerpt":{"rendered":"<p>R\u00e9servez votre randonn\u00e9e astronomique sur la plateforme de r\u00e9servation billetweb en cliquant sur ce lien. Mai Juin Juillet Ao\u00fbt<\/p>\n","protected":false},"author":1,"featured_media":0,"parent":0,"menu_order":0,"comment_status":"closed","ping_status":"closed","template":"","meta":{"site-sidebar-layout":"default","site-content-layout":"","ast-site-content-layout":"","site-content-style":"default","site-sidebar-style":"default","ast-global-header-display":"","ast-banner-title-visibility":"","ast-main-header-display":"","ast-hfb-above-header-display":"","ast-hfb-below-header-display":"","ast-hfb-mobile-header-display":"","site-post-title":"","ast-breadcrumbs-content":"","ast-featured-img":"","footer-sml-layout":"","theme-transparent-header-meta":"","adv-header-id-meta":"","stick-header-meta":"","header-above-stick-meta":"","header-main-stick-meta":"","header-below-stick-meta":"","astra-migrate-meta-layouts":"default","ast-page-background-enabled":"default","ast-page-background-meta":{"desktop":{"background-color":"var(--ast-global-color-4)","background-image":"","background-repeat":"repeat","background-position":"center center","background-size":"auto","background-attachment":"scroll","background-type":"","background-media":"","overlay-type":"","overlay-color":"","overlay-opacity":"","overlay-gradient":""},"tablet":{"background-color":"","background-image":"","background-repeat":"repeat","background-position":"center center","background-size":"auto","background-attachment":"scroll","background-type":"","background-media":"","overlay-type":"","overlay-color":"","overlay-opacity":"","overlay-gradient":""},"mobile":{"background-color":"","background-image":"","background-repeat":"repeat","background-position":"center center","background-size":"auto","background-attachment":"scroll","background-type":"","background-media":"","overlay-type":"","overlay-color":"","overlay-opacity":"","overlay-gradient":""}},"ast-content-background-meta":{"desktop":{"background-color":"var(--ast-global-color-5)","background-image":"","background-repeat":"repeat","background-position":"center center","background-size":"auto","background-attachment":"scroll","background-type":"","background-media":"","overlay-type":"","overlay-color":"","overlay-opacity":"","overlay-gradient":""},"tablet":{"background-color":"var(--ast-global-color-5)","background-image":"","background-repeat":"repeat","background-position":"center center","background-size":"auto","background-attachment":"scroll","background-type":"","background-media":"","overlay-type":"","overlay-color":"","overlay-opacity":"","overlay-gradient":""},"mobile":{"background-color":"var(--ast-global-color-5)","background-image":"","background-repeat":"repeat","background-position":"center center","background-size":"auto","background-attachment":"scroll","background-type":"","background-media":"","overlay-type":"","overlay-color":"","overlay-opacity":"","overlay-gradient":""}},"footnotes":""},"class_list":["post-228","page","type-page","status-publish","hentry"],"_links":{"self":[{"href":"https:\/\/clement-astroguide.fr\/index.php\/wp-json\/wp\/v2\/pages\/228","targetHints":{"allow":["GET"]}}],"collection":[{"href":"https:\/\/clement-astroguide.fr\/index.php\/wp-json\/wp\/v2\/pages"}],"about":[{"href":"https:\/\/clement-astroguide.fr\/index.php\/wp-json\/wp\/v2\/types\/page"}],"author":[{"embeddable":true,"href":"https:\/\/clement-astroguide.fr\/index.php\/wp-json\/wp\/v2\/users\/1"}],"replies":[{"embeddable":true,"href":"https:\/\/clement-astroguide.fr\/index.php\/wp-json\/wp\/v2\/comments?post=228"}],"version-history":[{"count":8,"href":"https:\/\/clement-astroguide.fr\/index.php\/wp-json\/wp\/v2\/pages\/228\/revisions"}],"predecessor-version":[{"id":478,"href":"https:\/\/clement-astroguide.fr\/index.php\/wp-json\/wp\/v2\/pages\/228\/revisions\/478"}],"wp:attachment":[{"href":"https:\/\/clement-astroguide.fr\/index.php\/wp-json\/wp\/v2\/media?parent=228"}],"curies":[{"name":"wp","href":"https:\/\/api.w.org\/{rel}","templated":true}]}}