{"id":376,"date":"2025-01-22T15:23:58","date_gmt":"2025-01-22T14:23:58","guid":{"rendered":"https:\/\/clement-astroguide.fr\/?page_id=376"},"modified":"2025-01-27T10:12:36","modified_gmt":"2025-01-27T09:12:36","slug":"visites-guidees","status":"publish","type":"page","link":"https:\/\/clement-astroguide.fr\/index.php\/visites-guidees\/","title":{"rendered":"Visites guid\u00e9es"},"content":{"rendered":"\n<h2 class=\"wp-block-heading has-text-align-center has-ast-global-color-3-color has-ast-global-color-5-background-color has-text-color has-background has-link-color wp-elements-7dbcceae591c3108cffbf676b60963b6\">Visites guid\u00e9es<\/h2>\n\n\n\n<p><\/p>\n\n\n\n<div class=\"wp-block-media-text is-stacked-on-mobile is-image-fill-element has-ast-global-color-5-background-color has-background\" style=\"grid-template-columns:43% auto\"><figure class=\"wp-block-media-text__media\"><img loading=\"lazy\" decoding=\"async\" width=\"1024\" height=\"768\" src=\"http:\/\/clement-astroguide.fr\/wp-content\/uploads\/2025\/01\/PXL_20240907_182608610-1024x768.jpg\" alt=\"\" class=\"wp-image-392 size-full\" style=\"object-position:61% 4%\" srcset=\"https:\/\/clement-astroguide.fr\/wp-content\/uploads\/2025\/01\/PXL_20240907_182608610-1024x768.jpg 1024w, https:\/\/clement-astroguide.fr\/wp-content\/uploads\/2025\/01\/PXL_20240907_182608610-300x225.jpg 300w, https:\/\/clement-astroguide.fr\/wp-content\/uploads\/2025\/01\/PXL_20240907_182608610-768x576.jpg 768w, https:\/\/clement-astroguide.fr\/wp-content\/uploads\/2025\/01\/PXL_20240907_182608610-1536x1152.jpg 1536w, https:\/\/clement-astroguide.fr\/wp-content\/uploads\/2025\/01\/PXL_20240907_182608610-2048x1536.jpg 2048w\" sizes=\"auto, (max-width: 1024px) 100vw, 1024px\" \/><\/figure><div class=\"wp-block-media-text__content\">\n<p>Je guide \u00e0 <a href=\"https:\/\/www.autun.com\/sortez-bougez\/decouvrir-autun\/histoire-et-patrimoine\/\">Autun<\/a>, <a href=\"https:\/\/www.bibracte.fr\/\" data-type=\"link\" data-id=\"https:\/\/www.bibracte.fr\/\">Bibracte<\/a> et dans le Sud Morvan. Je reste disponible pour organiser une visite sur mesure dans ce territoire en fran\u00e7ais ou en anglais. <\/p>\n\n\n\n<p>Indisponible, je vous orienterai vers <a href=\"https:\/\/www.guidesenmorvan.com\/\" data-type=\"link\" data-id=\"https:\/\/www.guidesenmorvan.com\/\">Guides en Morvan<\/a>, notre association ou d&#8217;autres acteurs \u00e0 m\u00eame d&#8217;assurer ces visites.<\/p>\n\n\n\n<p>J&#8217;essaie de mettre ma passion au service du sujet et de proposer une visite vivante permettant de comprendre le contexte de cr\u00e9ation des monuments, leur histoire et ce que cela nous dit de leur contemporain.<\/p>\n\n\n\n<p><\/p>\n<\/div><\/div>\n\n\n\n<p><\/p>\n\n\n\n<div class=\"wp-block-columns has-ast-global-color-5-background-color has-background is-layout-flex wp-container-core-columns-is-layout-28f84493 wp-block-columns-is-layout-flex\">\n<div class=\"wp-block-column has-ast-global-color-5-background-color has-background is-layout-flow wp-block-column-is-layout-flow\" style=\"border-width:1px\">\n<h5 class=\"wp-block-heading has-text-align-center has-ast-global-color-3-color has-text-color has-link-color wp-elements-a7d4186abacdcd2fc485ea54b69ea358\" style=\"font-size:26px\">Visites sur-mesure<\/h5>\n\n\n\n<p>Contactez-moi pour organiser votre visite : votre lieu, votre th\u00e9matique dans le temps imparti tout en m&#8217;adaptant \u00e0 vos contraintes.<\/p>\n\n\n\n<p>Je peux \u00e9galement vous accompagner pour programmer votre s\u00e9jour.<\/p>\n<\/div>\n\n\n\n<div class=\"wp-block-column is-layout-flow wp-block-column-is-layout-flow\" style=\"border-width:1px\">\n<h5 class=\"wp-block-heading has-text-align-center has-ast-global-color-3-color has-text-color has-link-color wp-elements-084f1aad5ff9b44e85de6f77e29882c8\" style=\"font-size:26px\">Retrouvez-moi &#8230;<\/h5>\n\n\n\n<p>&#8230; parmi les \u00e9quipes de guides d&#8217;Autun et de Bibracte toute l&#8217;ann\u00e9e.<\/p>\n\n\n\n<p>Vous pouvez vous rapprocher de ces structures pour organiser votre visite avec un ou plusieurs guides toujours au top !<\/p>\n<\/div>\n<\/div>\n\n\n\n<p><\/p>\n\n\n\n<div class=\"wp-block-media-text is-stacked-on-mobile is-image-fill-element has-ast-global-color-5-background-color has-background\" style=\"grid-template-columns:38% auto\"><figure class=\"wp-block-media-text__media\"><img loading=\"lazy\" decoding=\"async\" width=\"1024\" height=\"768\" src=\"http:\/\/clement-astroguide.fr\/wp-content\/uploads\/2025\/01\/PXL_20240614_143109884-1024x768.jpg\" alt=\"\" class=\"wp-image-390 size-full\" style=\"object-position:52% 56%\" srcset=\"https:\/\/clement-astroguide.fr\/wp-content\/uploads\/2025\/01\/PXL_20240614_143109884-1024x768.jpg 1024w, https:\/\/clement-astroguide.fr\/wp-content\/uploads\/2025\/01\/PXL_20240614_143109884-300x225.jpg 300w, https:\/\/clement-astroguide.fr\/wp-content\/uploads\/2025\/01\/PXL_20240614_143109884-768x576.jpg 768w, https:\/\/clement-astroguide.fr\/wp-content\/uploads\/2025\/01\/PXL_20240614_143109884-1536x1152.jpg 1536w, https:\/\/clement-astroguide.fr\/wp-content\/uploads\/2025\/01\/PXL_20240614_143109884-2048x1536.jpg 2048w\" sizes=\"auto, (max-width: 1024px) 100vw, 1024px\" \/><\/figure><div class=\"wp-block-media-text__content\">\n<h5 class=\"wp-block-heading has-ast-global-color-3-color has-text-color has-link-color wp-elements-d1ccfb07c7ff82ee1abe92070a1eec3d\" style=\"font-size:26px\">Autun<\/h5>\n\n\n\n<p>Son riche pass\u00e9 gallo-romain et son influence au haut moyen-\u00e2ge ont parsem\u00e9 la ville de monuments dans des \u00e9tats exceptionnels de conservation. D\u00e9couvrir Autun permet de mieux comprendre les transitions entre mondes gaulois et gallo-romains ; entre Antiquit\u00e9 et Moyen-\u00c2ge. Mais ce n&#8217;est pas tout car jusqu&#8217;aux \u00e9poques Moderne et Contemporaine, Autun pr\u00e9sente de multiples points d&#8217;int\u00e9r\u00eats que j&#8217;aurai plaisir \u00e0 vous pr\u00e9senter.<\/p>\n\n\n\n<p>Un coup de c\u0153ur personnel avec un passage au Mus\u00e9um d&#8217;Histoire Naturel d&#8217;Autun qui propose au travers de ses collections  quelques cl\u00e9s de compr\u00e9hension de notre monde et pourquoi l&#8217;Autunois en est un t\u00e9moin privil\u00e9gi\u00e9.<\/p>\n<\/div><\/div>\n","protected":false},"excerpt":{"rendered":"<p>Visites guid\u00e9es Je guide \u00e0 Autun, Bibracte et dans le Sud Morvan. Je reste disponible pour organiser une visite sur [&hellip;]<\/p>\n","protected":false},"author":1,"featured_media":0,"parent":0,"menu_order":0,"comment_status":"closed","ping_status":"closed","template":"","meta":{"site-sidebar-layout":"default","site-content-layout":"","ast-site-content-layout":"","site-content-style":"default","site-sidebar-style":"default","ast-global-header-display":"","ast-banner-title-visibility":"","ast-main-header-display":"","ast-hfb-above-header-display":"","ast-hfb-below-header-display":"","ast-hfb-mobile-header-display":"","site-post-title":"disabled","ast-breadcrumbs-content":"","ast-featured-img":"","footer-sml-layout":"","theme-transparent-header-meta":"","adv-header-id-meta":"","stick-header-meta":"","header-above-stick-meta":"","header-main-stick-meta":"","header-below-stick-meta":"","astra-migrate-meta-layouts":"default","ast-page-background-enabled":"default","ast-page-background-meta":{"desktop":{"background-color":"var(--ast-global-color-4)","background-image":"","background-repeat":"repeat","background-position":"center center","background-size":"auto","background-attachment":"scroll","background-type":"","background-media":"","overlay-type":"","overlay-color":"","overlay-opacity":"","overlay-gradient":""},"tablet":{"background-color":"","background-image":"","background-repeat":"repeat","background-position":"center center","background-size":"auto","background-attachment":"scroll","background-type":"","background-media":"","overlay-type":"","overlay-color":"","overlay-opacity":"","overlay-gradient":""},"mobile":{"background-color":"","background-image":"","background-repeat":"repeat","background-position":"center center","background-size":"auto","background-attachment":"scroll","background-type":"","background-media":"","overlay-type":"","overlay-color":"","overlay-opacity":"","overlay-gradient":""}},"ast-content-background-meta":{"desktop":{"background-color":"var(--ast-global-color-5)","background-image":"","background-repeat":"repeat","background-position":"center center","background-size":"auto","background-attachment":"scroll","background-type":"","background-media":"","overlay-type":"","overlay-color":"","overlay-opacity":"","overlay-gradient":""},"tablet":{"background-color":"var(--ast-global-color-5)","background-image":"","background-repeat":"repeat","background-position":"center center","background-size":"auto","background-attachment":"scroll","background-type":"","background-media":"","overlay-type":"","overlay-color":"","overlay-opacity":"","overlay-gradient":""},"mobile":{"background-color":"var(--ast-global-color-5)","background-image":"","background-repeat":"repeat","background-position":"center center","background-size":"auto","background-attachment":"scroll","background-type":"","background-media":"","overlay-type":"","overlay-color":"","overlay-opacity":"","overlay-gradient":""}},"footnotes":""},"class_list":["post-376","page","type-page","status-publish","hentry"],"_links":{"self":[{"href":"https:\/\/clement-astroguide.fr\/index.php\/wp-json\/wp\/v2\/pages\/376","targetHints":{"allow":["GET"]}}],"collection":[{"href":"https:\/\/clement-astroguide.fr\/index.php\/wp-json\/wp\/v2\/pages"}],"about":[{"href":"https:\/\/clement-astroguide.fr\/index.php\/wp-json\/wp\/v2\/types\/page"}],"author":[{"embeddable":true,"href":"https:\/\/clement-astroguide.fr\/index.php\/wp-json\/wp\/v2\/users\/1"}],"replies":[{"embeddable":true,"href":"https:\/\/clement-astroguide.fr\/index.php\/wp-json\/wp\/v2\/comments?post=376"}],"version-history":[{"count":10,"href":"https:\/\/clement-astroguide.fr\/index.php\/wp-json\/wp\/v2\/pages\/376\/revisions"}],"predecessor-version":[{"id":437,"href":"https:\/\/clement-astroguide.fr\/index.php\/wp-json\/wp\/v2\/pages\/376\/revisions\/437"}],"wp:attachment":[{"href":"https:\/\/clement-astroguide.fr\/index.php\/wp-json\/wp\/v2\/media?parent=376"}],"curies":[{"name":"wp","href":"https:\/\/api.w.org\/{rel}","templated":true}]}}